{"id":7846,"date":"2022-12-10T11:09:42","date_gmt":"2022-12-10T11:09:42","guid":{"rendered":"https:\/\/vital.ad\/?post_type=product&#038;p=7846"},"modified":"2026-03-17T17:01:33","modified_gmt":"2026-03-17T17:01:33","slug":"camisa-de-dormir-dona-lli-artesanal-2","status":"publish","type":"product","link":"https:\/\/vital.ad\/?product=camisa-de-dormir-dona-lli-artesanal-2","title":{"rendered":"Camisa de dormir home"},"content":{"rendered":"<p>Des del Mediterrani fins al Cant\u00e0bric s\u2019est\u00e9n la llargu\u00edssima espinada del Pirineu. Aquest conjunt geogr\u00e0fic tingu\u00e9 des de fa segles la seva pr\u00f2pia identitat cultural, agr\u00edcola i espiritual. Andorra, malgrat el seu petit territori, forma part d\u2019aquesta extensa geografia i del seu ric patrimoni.<\/p>\n<p>Amb la voluntat de no perdre la identitat d\u2019aquest petit pa\u00eds neix el projecte VITAL.<\/p>\n<p>Ara VITAL crea la camisa de dormir, reproduint i actualitzant el disseny de les camises antigues de dormir. Esperem oferir\u00a0 una bonica aportaci\u00f3 a aquest llegat que rebem amb goig i, amb el mateix goig, voldr\u00edem transmetre aquesta s\u00f2bria camisa inspirada en la rica cultura del nostre territori, com tamb\u00e9 de tot el Pirineu.<\/p>\n","protected":false},"excerpt":{"rendered":"<p>Hem creat una pe\u00e7a \u00fanica, reproduint i actualitzant el disseny de les camises de dormir del Pirineu. La camisa est\u00e0 feta amb lli.<\/p>\n","protected":false},"featured_media":7853,"template":"","meta":[],"product_brand":[],"product_cat":[72],"product_tag":[],"class_list":{"0":"post-7846","1":"product","2":"type-product","3":"status-publish","4":"has-post-thumbnail","6":"product_cat-moda","9":"first","10":"instock","11":"shipping-taxable","12":"purchasable","13":"product-type-simple"},"_links":{"self":[{"href":"https:\/\/vital.ad\/index.php?rest_route=\/wp\/v2\/product\/7846","targetHints":{"allow":["GET"]}}],"collection":[{"href":"https:\/\/vital.ad\/index.php?rest_route=\/wp\/v2\/product"}],"about":[{"href":"https:\/\/vital.ad\/index.php?rest_route=\/wp\/v2\/types\/product"}],"wp:featuredmedia":[{"embeddable":true,"href":"https:\/\/vital.ad\/index.php?rest_route=\/wp\/v2\/media\/7853"}],"wp:attachment":[{"href":"https:\/\/vital.ad\/index.php?rest_route=%2Fwp%2Fv2%2Fmedia&parent=7846"}],"wp:term":[{"taxonomy":"product_brand","embeddable":true,"href":"https:\/\/vital.ad\/index.php?rest_route=%2Fwp%2Fv2%2Fproduct_brand&post=7846"},{"taxonomy":"product_cat","embeddable":true,"href":"https:\/\/vital.ad\/index.php?rest_route=%2Fwp%2Fv2%2Fproduct_cat&post=7846"},{"taxonomy":"product_tag","embeddable":true,"href":"https:\/\/vital.ad\/index.php?rest_route=%2Fwp%2Fv2%2Fproduct_tag&post=7846"}],"curies":[{"name":"wp","href":"https:\/\/api.w.org\/{rel}","templated":true}]}}