{"id":7760,"date":"2022-12-06T14:39:35","date_gmt":"2022-12-06T14:39:35","guid":{"rendered":"https:\/\/vital.ad\/?post_type=product&#038;p=7760"},"modified":"2026-03-17T11:15:05","modified_gmt":"2026-03-17T11:15:05","slug":"porta-mantes-accesori-de-cuir-manta-de-llana","status":"publish","type":"product","link":"https:\/\/vital.ad\/?product=porta-mantes-accesori-de-cuir-manta-de-llana","title":{"rendered":"Portamanta"},"content":{"rendered":"<p>Des del Mediterrani fins al Cant\u00e0bric s\u2019est\u00e9n la llargu\u00edssima espinada del Pirineu. Aquest conjunt geogr\u00e0fic tingu\u00e9 des de fa segles la seva pr\u00f2pia identitat cultural, agr\u00edcola i espiritual. Andorra, malgrat el seu petit territori, forma part d\u2019aquesta extensa geografia i del seu ric patrimoni.<\/p>\n<p>Amb la voluntat de no perdre la identitat d\u2019aquest petit pa\u00eds neix el projecte VITAL.<\/p>\n<p>Ara Vital crea el portamanta, una pe\u00e7a de cuir natural per poder transportar la manta.<\/p>\n","protected":false},"excerpt":{"rendered":"<p>Una pe\u00e7a de cuir natural per poder transportar la manta.<\/p>\n","protected":false},"featured_media":7761,"template":"","meta":[],"product_brand":[],"product_cat":[72],"product_tag":[],"class_list":{"0":"post-7760","1":"product","2":"type-product","3":"status-publish","4":"has-post-thumbnail","6":"product_cat-moda","7":"product_shipping_class-quantitity","10":"first","11":"outofstock","12":"shipping-taxable","13":"purchasable","14":"product-type-simple"},"_links":{"self":[{"href":"https:\/\/vital.ad\/index.php?rest_route=\/wp\/v2\/product\/7760","targetHints":{"allow":["GET"]}}],"collection":[{"href":"https:\/\/vital.ad\/index.php?rest_route=\/wp\/v2\/product"}],"about":[{"href":"https:\/\/vital.ad\/index.php?rest_route=\/wp\/v2\/types\/product"}],"wp:featuredmedia":[{"embeddable":true,"href":"https:\/\/vital.ad\/index.php?rest_route=\/wp\/v2\/media\/7761"}],"wp:attachment":[{"href":"https:\/\/vital.ad\/index.php?rest_route=%2Fwp%2Fv2%2Fmedia&parent=7760"}],"wp:term":[{"taxonomy":"product_brand","embeddable":true,"href":"https:\/\/vital.ad\/index.php?rest_route=%2Fwp%2Fv2%2Fproduct_brand&post=7760"},{"taxonomy":"product_cat","embeddable":true,"href":"https:\/\/vital.ad\/index.php?rest_route=%2Fwp%2Fv2%2Fproduct_cat&post=7760"},{"taxonomy":"product_tag","embeddable":true,"href":"https:\/\/vital.ad\/index.php?rest_route=%2Fwp%2Fv2%2Fproduct_tag&post=7760"}],"curies":[{"name":"wp","href":"https:\/\/api.w.org\/{rel}","templated":true}]}}