{"id":6882,"date":"2020-05-01T15:06:18","date_gmt":"2020-05-01T15:06:18","guid":{"rendered":"https:\/\/vital.ad\/?post_type=product&#038;p=6882"},"modified":"2026-03-17T10:58:06","modified_gmt":"2026-03-17T10:58:06","slug":"ponxo-vital-andes-llana-alpaca-nartural","status":"publish","type":"product","link":"https:\/\/vital.ad\/ponxo-vital-andes-llana-alpaca-nartural","title":{"rendered":"Ponxo vital"},"content":{"rendered":"<p>L\u2019equip de VITAL despr\u00e9s de tres anys de recerca, amb les teixidores de Pitumarca (Per\u00fa) ha arribat a dissenyar el model del PONXO VITAL.<\/p>\n<p>Aquest Ponxo, com tots els teixits que elabora aquesta comunitat de teixidores, \u00e9s una pe\u00e7a d\u2019alt\u00edssima qualitat per tot el seu proc\u00e9s artesanal. La llana d\u2019alpaca que s\u2019utilitza per teixir aquesta pe\u00e7a prov\u00e9 de les muntanyes d\u2019aquest indret. Les diferents tonalitats que t\u00e9 el teixit del Ponxo s\u00f3n totes naturals, obtingudes per una minuciosa selecci\u00f3 de la llana de diferents alpaques. La senyora Porfiria Melo \u00e9s la teixidora que teixeix, manualment, cada Ponxo.<\/p>\n<p>La fibra d\u2019alpaca \u00e9s filada a m\u00e0 amb el tradicional fus i segons una t\u00e8cnica molt acurada transmesa de generaci\u00f3 en generaci\u00f3. Un cop fet el fil, segons les diferents tonalitats de la fibra de l\u2019alpaca, es comen\u00e7a a fer l\u2019ordit en un teler tradicional -de cintura-, d\u2019acord amb el disseny de cada Ponxo. Enllestit aquest primer pas, la teixidora comen\u00e7a a teixir-lo. En tractar-se d\u2019un proc\u00e9s del tot manual, un Ponxo pot requerir, des de l\u2019inici de l\u2019ordit fins als acabats, un cop tret del teler, m\u00e9s de sis mesos de dedicaci\u00f3.<\/p>\n","protected":false},"excerpt":{"rendered":"<p>Aquest Ponxo \u00e9s una pe\u00e7a d\u2019alt\u00edssima qualitat per tot el seu proc\u00e9s artesanal. La llana d\u2019alpaca que s\u2019utilitza per teixir aquesta pe\u00e7a prov\u00e9 de les muntanyes de Pitumarca. Les diferents tonalitats que t\u00e9 el teixit del Ponxo s\u00f3n totes naturals, sense cap tenyit.<\/p>\n<p>En tractar-se d\u2019un proc\u00e9s del tot manual, un Ponxo pot requerir, des de l\u2019inici de l\u2019ordit fins als acabats, un cop tret del teler, m\u00e9s de sis mesos de dedicaci\u00f3.<\/p>\n","protected":false},"featured_media":7647,"template":"","meta":[],"product_brand":[],"product_cat":[72],"product_tag":[],"class_list":{"0":"post-6882","1":"product","2":"type-product","3":"status-publish","4":"has-post-thumbnail","6":"product_cat-moda","7":"product_shipping_class-quantitity","10":"first","11":"outofstock","12":"shipping-taxable","13":"purchasable","14":"product-type-simple"},"_links":{"self":[{"href":"https:\/\/vital.ad\/wp-json\/wp\/v2\/product\/6882","targetHints":{"allow":["GET"]}}],"collection":[{"href":"https:\/\/vital.ad\/wp-json\/wp\/v2\/product"}],"about":[{"href":"https:\/\/vital.ad\/wp-json\/wp\/v2\/types\/product"}],"wp:featuredmedia":[{"embeddable":true,"href":"https:\/\/vital.ad\/wp-json\/wp\/v2\/media\/7647"}],"wp:attachment":[{"href":"https:\/\/vital.ad\/wp-json\/wp\/v2\/media?parent=6882"}],"wp:term":[{"taxonomy":"product_brand","embeddable":true,"href":"https:\/\/vital.ad\/wp-json\/wp\/v2\/product_brand?post=6882"},{"taxonomy":"product_cat","embeddable":true,"href":"https:\/\/vital.ad\/wp-json\/wp\/v2\/product_cat?post=6882"},{"taxonomy":"product_tag","embeddable":true,"href":"https:\/\/vital.ad\/wp-json\/wp\/v2\/product_tag?post=6882"}],"curies":[{"name":"wp","href":"https:\/\/api.w.org\/{rel}","templated":true}]}}