{"id":41,"date":"2019-04-14T08:41:55","date_gmt":"2019-04-14T08:41:55","guid":{"rendered":"http:\/\/vital.ad\/?page_id=41"},"modified":"2026-04-08T10:33:01","modified_gmt":"2026-04-08T10:33:01","slug":"vital","status":"publish","type":"page","link":"https:\/\/vital.ad\/","title":{"rendered":"Vital"},"content":{"rendered":"\n<div class=\"wp-block-media-text alignwide is-stacked-on-mobile\"><figure class=\"wp-block-media-text__media\"><img decoding=\"async\" src=\"https:\/\/vital.ad\/wp-content\/uploads\/2020\/07\/VITAL_CIVIS_FotoNMontane-61-1024x683.jpg\" alt=\"llana ovella Andorra artesania\" class=\"wp-image-7701 size-full\" title=\"llana ovella Andorra artesania\"><\/figure><div class=\"wp-block-media-text__content\">\n<h2 class=\"wp-block-heading has-medium-font-size\">Teixida realment a Andorra, Pirineu<\/h2>\n\n\n\n<p>VITAL PIRINEUS expressa la cultura ancestral dels Pirineus i honora els oficis. Elabora productes austers, bells i responsables amb el territori i la hist\u00f2ria del lloc com mantes, cortines, coixins, bosses de cuir, catifes, solucions d&#8217;absorci\u00f3 ac\u00fastica i projectes de disseny d&#8217;interiors. Valoritza la llana provinent de ramats d\u2019ovelles andorranes.<\/p>\n\n\n\n<p>Vital s\u2019inspira en la cultura pastoral dels Pirineus, on la muntanya \u00e9s l\u2019eix central. Durant segles, els pastors de muntanya han fet artesanalment els seus objectes amb materials, colors, est\u00e8tica i patrons de disseny vinculats a la natura i a les caracter\u00edstiques particulars del paisatge.<\/p>\n<\/div><\/div>\n\n\n\n<div class=\"wp-block-media-text alignwide has-media-on-the-right is-stacked-on-mobile\"><div class=\"wp-block-media-text__content\">\n<h2 class=\"wp-block-heading has-medium-font-size\">La barbarina, la roja o l&#8217;andorrana<\/h2>\n\n\n\n<p>Col\u00b7laborem amb una trentena de fam\u00edlies andorranes i de l\u2019Alt Urgell que fan l\u2019esfor\u00e7 de preservar un petit ramat d\u2019ovelles Barbarina. L\u2019ovella Barbarina \u00e9s la \u201crouge du roussillon\u201d. Aquesta \u00e9s una ra\u00e7a tradicional a Andorra des del segle XIX. <\/p>\n\n\n\n<p>Tot el proc\u00e9s es fa al nord de la Pen\u00ednsula ib\u00e8rica, des de la recol\u00b7lecta de llana, rentat, teixit fins a la costura.<\/p>\n\n\n\n<p>Al nostre taller artes\u00e0 i industrial elaborem les nostres peces.<\/p>\n<\/div><figure class=\"wp-block-media-text__media\"><img loading=\"lazy\" decoding=\"async\" width=\"1024\" height=\"683\" src=\"https:\/\/vital.ad\/wp-content\/uploads\/2021\/10\/204-1024x683.jpg\" alt=\"llana ovella Andorra artesania\" class=\"wp-image-7569 size-full\" title=\"llana ovella Andorra artesania\" srcset=\"https:\/\/vital.ad\/wp-content\/uploads\/2021\/10\/204-1024x683.jpg 1024w, https:\/\/vital.ad\/wp-content\/uploads\/2021\/10\/204-300x200.jpg 300w, https:\/\/vital.ad\/wp-content\/uploads\/2021\/10\/204-768x512.jpg 768w, https:\/\/vital.ad\/wp-content\/uploads\/2021\/10\/204-1536x1024.jpg 1536w, https:\/\/vital.ad\/wp-content\/uploads\/2021\/10\/204-2048x1365.jpg 2048w, https:\/\/vital.ad\/wp-content\/uploads\/2021\/10\/204-16x12.jpg 16w, https:\/\/vital.ad\/wp-content\/uploads\/2021\/10\/204-100x67.jpg 100w, https:\/\/vital.ad\/wp-content\/uploads\/2021\/10\/204-1184x789.jpg 1184w\" sizes=\"auto, (max-width: 1024px) 100vw, 1024px\" \/><\/figure><\/div>\n\n\n\n<div style=\"height:100px\" aria-hidden=\"true\" class=\"wp-block-spacer\"><\/div>\n\n\n<div data-block-name=\"woocommerce\/product-best-sellers\" data-rows=\"2\" class=\"wc-block-grid wp-block-product-best-sellers wp-block-woocommerce-product-best-sellers wc-block-product-best-sellers has-3-columns has-multiple-rows\"><ul class=\"wc-block-grid__products\"><li class=\"wc-block-grid__product\">\n\t\t\t\t<a href=\"https:\/\/vital.ad\/manta-de-pastor-llana-100-impermeable-i-calida\" class=\"wc-block-grid__product-link\">\n\t\t\t\t\t\n\t\t\t\t\t<div class=\"wc-block-grid__product-image\"><img loading=\"lazy\" decoding=\"async\" width=\"600\" height=\"600\" src=\"https:\/\/vital.ad\/wp-content\/uploads\/2020\/07\/IMG_4102-scaled-600x600.jpg\" class=\"attachment-woocommerce_thumbnail size-woocommerce_thumbnail\" alt=\"Manta de pastor (Tapaboques)\" title=\"llana ovella Andorra artesania\"><\/div>\n\t\t\t\t\t<div class=\"wc-block-grid__product-title\">Manta de pastor (Tapaboques)<\/div>\n\t\t\t\t<\/a>\n\t\t\t\t<div class=\"wc-block-grid__product-price price\"><span class=\"woocommerce-Price-amount amount\"><span class=\"woocommerce-Price-currencySymbol\">&euro;<\/span>140<\/span><\/div>\n\t\t\t\t\n\t\t\t\t<div class=\"wp-block-button wc-block-grid__product-add-to-cart\"><a href=\"\/wp-json\/wp\/v2\/pages\/41?add-to-cart=7361\" aria-label=\"Afegeix a la cistella: &ldquo;Manta de pastor (Tapaboques)&rdquo;\" data-quantity=\"1\" data-product_id=\"7361\" data-product_sku=\"\" data-price=\"140\" rel=\"nofollow\" class=\"wp-block-button__link  add_to_cart_button ajax_add_to_cart\">Afegeix a la cistella<\/a><\/div>\n\t\t\t<\/li><li class=\"wc-block-grid__product\">\n\t\t\t\t<a href=\"https:\/\/vital.ad\/coixi-de-pastor-lli-i-llana-dandorra-pirineus\" class=\"wc-block-grid__product-link\">\n\t\t\t\t\t\n\t\t\t\t\t<div class=\"wc-block-grid__product-image\"><img loading=\"lazy\" decoding=\"async\" width=\"600\" height=\"600\" src=\"https:\/\/vital.ad\/wp-content\/uploads\/2019\/04\/DSC_4375-scaled-600x600.jpg\" class=\"attachment-woocommerce_thumbnail size-woocommerce_thumbnail\" alt=\"Coix\u00ed de Pastor\" title=\"llana ovella Andorra artesania\"><\/div>\n\t\t\t\t\t<div class=\"wc-block-grid__product-title\">Coix\u00ed de Pastor<\/div>\n\t\t\t\t<\/a>\n\t\t\t\t<div class=\"wc-block-grid__product-price price\"><span class=\"woocommerce-Price-amount amount\"><span class=\"woocommerce-Price-currencySymbol\">&euro;<\/span>60<\/span><\/div>\n\t\t\t\t\n\t\t\t\t<div class=\"wp-block-button wc-block-grid__product-add-to-cart\"><a href=\"\/wp-json\/wp\/v2\/pages\/41?add-to-cart=150\" aria-label=\"Afegeix a la cistella: &ldquo;Coix\u00ed de Pastor&rdquo;\" data-quantity=\"1\" data-product_id=\"150\" data-product_sku=\"\" data-price=\"60\" rel=\"nofollow\" class=\"wp-block-button__link  add_to_cart_button ajax_add_to_cart\">Afegeix a la cistella<\/a><\/div>\n\t\t\t<\/li><li class=\"wc-block-grid__product\">\n\t\t\t\t<a href=\"https:\/\/vital.ad\/coixi-de-pastor-lli-i-llana-dandorra-pirineus-2\" class=\"wc-block-grid__product-link\">\n\t\t\t\t\t\n\t\t\t\t\t<div class=\"wc-block-grid__product-image\"><img loading=\"lazy\" decoding=\"async\" width=\"600\" height=\"600\" src=\"https:\/\/vital.ad\/wp-content\/uploads\/2020\/05\/DSC_4390-scaled-600x600.jpg\" class=\"attachment-woocommerce_thumbnail size-woocommerce_thumbnail\" alt=\"Coix\u00ed de Pastor (llis)\" srcset=\"https:\/\/vital.ad\/wp-content\/uploads\/2020\/05\/DSC_4390-scaled-600x600.jpg 600w, https:\/\/vital.ad\/wp-content\/uploads\/2020\/05\/DSC_4390-150x150.jpg 150w, https:\/\/vital.ad\/wp-content\/uploads\/2020\/05\/DSC_4390-300x300.jpg 300w, https:\/\/vital.ad\/wp-content\/uploads\/2020\/05\/DSC_4390-100x100.jpg 100w\" sizes=\"auto, (max-width: 600px) 100vw, 600px\" title=\"llana ovella Andorra artesania\"><\/div>\n\t\t\t\t\t<div class=\"wc-block-grid__product-title\">Coix\u00ed de Pastor (llis)<\/div>\n\t\t\t\t<\/a>\n\t\t\t\t<div class=\"wc-block-grid__product-price price\"><span class=\"woocommerce-Price-amount amount\"><span class=\"woocommerce-Price-currencySymbol\">&euro;<\/span>60<\/span><\/div>\n\t\t\t\t\n\t\t\t\t<div class=\"wp-block-button wc-block-grid__product-add-to-cart\"><a href=\"\/wp-json\/wp\/v2\/pages\/41?add-to-cart=6872\" aria-label=\"Afegeix a la cistella: &ldquo;Coix\u00ed de Pastor (llis)&rdquo;\" data-quantity=\"1\" data-product_id=\"6872\" data-product_sku=\"\" data-price=\"60\" rel=\"nofollow\" class=\"wp-block-button__link  add_to_cart_button ajax_add_to_cart\">Afegeix a la cistella<\/a><\/div>\n\t\t\t<\/li><li class=\"wc-block-grid__product\">\n\t\t\t\t<a href=\"https:\/\/vital.ad\/porta-mantes-accesori-de-cuir-manta-de-llana\" class=\"wc-block-grid__product-link\">\n\t\t\t\t\t\n\t\t\t\t\t<div class=\"wc-block-grid__product-image\"><img loading=\"lazy\" decoding=\"async\" width=\"600\" height=\"600\" src=\"https:\/\/vital.ad\/wp-content\/uploads\/2022\/12\/IMG_4080-scaled-e1670673113432-600x600.jpg\" class=\"attachment-woocommerce_thumbnail size-woocommerce_thumbnail\" alt=\"Portamanta\" title=\"llana ovella Andorra artesania\"><\/div>\n\t\t\t\t\t<div class=\"wc-block-grid__product-title\">Portamanta<\/div>\n\t\t\t\t<\/a>\n\t\t\t\t<div class=\"wc-block-grid__product-price price\"><span class=\"woocommerce-Price-amount amount\"><span class=\"woocommerce-Price-currencySymbol\">&euro;<\/span>40<\/span><\/div>\n\t\t\t\t\n\t\t\t\t<div class=\"wp-block-button wc-block-grid__product-add-to-cart\"><a href=\"https:\/\/vital.ad\/porta-mantes-accesori-de-cuir-manta-de-llana\" aria-label=\"M\u00e9s informaci\u00f3 sobre &ldquo;Portamanta&rdquo;\" data-quantity=\"1\" data-product_id=\"7760\" data-product_sku=\"\" data-price=\"40\" rel=\"nofollow\" class=\"wp-block-button__link  add_to_cart_button\">Llegeix m\u00e9s<\/a><\/div>\n\t\t\t<\/li><li class=\"wc-block-grid__product\">\n\t\t\t\t<a href=\"https:\/\/vital.ad\/manta-de-pastor-de-llana-per-a-viatge-o-sofa\" class=\"wc-block-grid__product-link\">\n\t\t\t\t\t\n\t\t\t\t\t<div class=\"wc-block-grid__product-image\"><img loading=\"lazy\" decoding=\"async\" width=\"600\" height=\"600\" src=\"https:\/\/vital.ad\/wp-content\/uploads\/2022\/12\/IMG_4083-scaled-600x600.jpg\" class=\"attachment-woocommerce_thumbnail size-woocommerce_thumbnail\" alt=\"Manta viatge\" title=\"llana ovella Andorra artesania\"><\/div>\n\t\t\t\t\t<div class=\"wc-block-grid__product-title\">Manta viatge<\/div>\n\t\t\t\t<\/a>\n\t\t\t\t<div class=\"wc-block-grid__product-price price\"><span class=\"woocommerce-Price-amount amount\"><span class=\"woocommerce-Price-currencySymbol\">&euro;<\/span>120<\/span><\/div>\n\t\t\t\t\n\t\t\t\t<div class=\"wp-block-button wc-block-grid__product-add-to-cart\"><a href=\"\/wp-json\/wp\/v2\/pages\/41?add-to-cart=7711\" aria-label=\"Afegeix a la cistella: &ldquo;Manta viatge&rdquo;\" data-quantity=\"1\" data-product_id=\"7711\" data-product_sku=\"\" data-price=\"120\" rel=\"nofollow\" class=\"wp-block-button__link  add_to_cart_button ajax_add_to_cart\">Afegeix a la cistella<\/a><\/div>\n\t\t\t<\/li><li class=\"wc-block-grid__product\">\n\t\t\t\t<a href=\"https:\/\/vital.ad\/bossa-de-cuir-de-llana-elaborada-artesanalment-petita-2\" class=\"wc-block-grid__product-link\">\n\t\t\t\t\t\n\t\t\t\t\t<div class=\"wc-block-grid__product-image\"><img loading=\"lazy\" decoding=\"async\" width=\"600\" height=\"600\" src=\"https:\/\/vital.ad\/wp-content\/uploads\/2021\/07\/IMG_4165-scaled-600x600.jpg\" class=\"attachment-woocommerce_thumbnail size-woocommerce_thumbnail\" alt=\"Sarr\u00f3 petit\" title=\"llana ovella Andorra artesania\"><\/div>\n\t\t\t\t\t<div class=\"wc-block-grid__product-title\">Sarr\u00f3 petit<\/div>\n\t\t\t\t<\/a>\n\t\t\t\t<div class=\"wc-block-grid__product-price price\"><span class=\"woocommerce-Price-amount amount\"><span class=\"woocommerce-Price-currencySymbol\">&euro;<\/span>290<\/span><\/div>\n\t\t\t\t\n\t\t\t\t<div class=\"wp-block-button wc-block-grid__product-add-to-cart\"><a href=\"\/wp-json\/wp\/v2\/pages\/41?add-to-cart=7486\" aria-label=\"Afegeix a la cistella: &ldquo;Sarr\u00f3 petit&rdquo;\" data-quantity=\"1\" data-product_id=\"7486\" data-product_sku=\"\" data-price=\"290\" rel=\"nofollow\" class=\"wp-block-button__link  add_to_cart_button ajax_add_to_cart\">Afegeix a la cistella<\/a><\/div>\n\t\t\t<\/li><\/ul><\/div>\n\n\n<div class=\"wp-block-query is-layout-flow wp-block-query-is-layout-flow\"><\/div>\n\n\n\n<div style=\"height:100px\" aria-hidden=\"true\" class=\"wp-block-spacer\"><\/div>\n\n\n\n<h2 class=\"wp-block-heading has-text-align-center has-medium-font-size\">Vital Pirineus als mitjans<\/h2>\n\n\n\n<div style=\"height:100px\" aria-hidden=\"true\" class=\"wp-block-spacer\"><\/div>\n\n\n\n<figure class=\"wp-block-gallery has-nested-images columns-7 wp-block-gallery-1 is-layout-flex wp-block-gallery-is-layout-flex\">\n<figure class=\"wp-block-image size-medium is-style-default\"><a href=\"https:\/\/www.acn.cat\/new\/fad74522-69b2-4155-9499-8860c01a06c9\/texts\" target=\"_blank\" rel=\"noopener\"><img loading=\"lazy\" decoding=\"async\" width=\"278\" height=\"96\" data-id=\"7976\" src=\"https:\/\/vital.ad\/wp-content\/uploads\/2023\/04\/acnlogo-c882e231.png\" alt=\"llana ovella Andorra artesania\" class=\"wp-image-7976\" title=\"llana ovella Andorra artesania\" srcset=\"https:\/\/vital.ad\/wp-content\/uploads\/2023\/04\/acnlogo-c882e231.png 278w, https:\/\/vital.ad\/wp-content\/uploads\/2023\/04\/acnlogo-c882e231-18x6.png 18w, https:\/\/vital.ad\/wp-content\/uploads\/2023\/04\/acnlogo-c882e231-100x35.png 100w\" sizes=\"auto, (max-width: 278px) 100vw, 278px\" \/><\/a><\/figure>\n\n\n\n<figure class=\"wp-block-image size-medium\"><a href=\"https:\/\/www.ccma.cat\/324\/aprofiten-la-llana-duna-vintena-de-ramats-de-lalt-urgell-i-dandorra-per-posar-en-valor-la-cultura-popular-del-pirineu\/noticia\/3204647\/\" target=\"_blank\" rel=\"noopener\"><img loading=\"lazy\" decoding=\"async\" width=\"300\" height=\"247\" data-id=\"7975\" src=\"https:\/\/vital.ad\/wp-content\/uploads\/2023\/04\/TV3-300x247.png\" alt=\"llana ovella Andorra artesania\" class=\"wp-image-7975\" title=\"llana ovella Andorra artesania\" srcset=\"https:\/\/vital.ad\/wp-content\/uploads\/2023\/04\/TV3-300x247.png 300w, https:\/\/vital.ad\/wp-content\/uploads\/2023\/04\/TV3-1024x842.png 1024w, https:\/\/vital.ad\/wp-content\/uploads\/2023\/04\/TV3-768x632.png 768w, https:\/\/vital.ad\/wp-content\/uploads\/2023\/04\/TV3-1536x1263.png 1536w, https:\/\/vital.ad\/wp-content\/uploads\/2023\/04\/TV3-15x12.png 15w, https:\/\/vital.ad\/wp-content\/uploads\/2023\/04\/TV3-100x82.png 100w, https:\/\/vital.ad\/wp-content\/uploads\/2023\/04\/TV3-1384x1138.png 1384w, https:\/\/vital.ad\/wp-content\/uploads\/2023\/04\/TV3-600x494.png 600w, https:\/\/vital.ad\/wp-content\/uploads\/2023\/04\/TV3.png 2000w\" sizes=\"auto, (max-width: 300px) 100vw, 300px\" \/><\/a><\/figure>\n\n\n\n<figure class=\"wp-block-image size-medium\"><a href=\"https:\/\/www.lavanguardia.com\/local\/lleida\/20230102\/8665564\/lana-alt-urgell-andorra-pone-valor-cultura-popular-pirineu.html\" target=\"_blank\" rel=\"noopener\"><img loading=\"lazy\" decoding=\"async\" width=\"300\" height=\"86\" data-id=\"7974\" src=\"https:\/\/vital.ad\/wp-content\/uploads\/2023\/04\/Lavanguardia-300x86.png\" alt=\"llana ovella Andorra artesania\" class=\"wp-image-7974\" title=\"llana ovella Andorra artesania\" srcset=\"https:\/\/vital.ad\/wp-content\/uploads\/2023\/04\/Lavanguardia-300x86.png 300w, https:\/\/vital.ad\/wp-content\/uploads\/2023\/04\/Lavanguardia-768x221.png 768w, https:\/\/vital.ad\/wp-content\/uploads\/2023\/04\/Lavanguardia-18x5.png 18w, https:\/\/vital.ad\/wp-content\/uploads\/2023\/04\/Lavanguardia-100x29.png 100w, https:\/\/vital.ad\/wp-content\/uploads\/2023\/04\/Lavanguardia-600x173.png 600w, https:\/\/vital.ad\/wp-content\/uploads\/2023\/04\/Lavanguardia.png 1000w\" sizes=\"auto, (max-width: 300px) 100vw, 300px\" \/><\/a><\/figure>\n\n\n\n<figure class=\"wp-block-image size-medium\"><a href=\"https:\/\/www.vilaweb.cat\/noticies\/aprofiten-llana-vintena-ramats-alt-urgell-andorra-valdre-cultura-popular-pirineu\/\" target=\"_blank\" rel=\"noopener\"><img loading=\"lazy\" decoding=\"async\" width=\"300\" height=\"134\" data-id=\"7979\" src=\"https:\/\/vital.ad\/wp-content\/uploads\/2023\/04\/vilaweb-300x134.png\" alt=\"llana ovella Andorra artesania\" class=\"wp-image-7979\" title=\"llana ovella Andorra artesania\" srcset=\"https:\/\/vital.ad\/wp-content\/uploads\/2023\/04\/vilaweb-300x134.png 300w, https:\/\/vital.ad\/wp-content\/uploads\/2023\/04\/vilaweb-18x8.png 18w, https:\/\/vital.ad\/wp-content\/uploads\/2023\/04\/vilaweb-100x45.png 100w, https:\/\/vital.ad\/wp-content\/uploads\/2023\/04\/vilaweb.png 335w\" sizes=\"auto, (max-width: 300px) 100vw, 300px\" \/><\/a><\/figure>\n\n\n\n<figure class=\"wp-block-image size-medium\"><a href=\"https:\/\/www.segre.com\/es\/sociedad\/241123\/un-tesoro-artesanal-cautiva-a-la-realeza-en-la-feria-bio-cultura-de-madrid_643236.html\" target=\"_blank\" rel=\"noopener\"><img loading=\"lazy\" decoding=\"async\" width=\"300\" height=\"114\" data-id=\"8165\" src=\"https:\/\/vital.ad\/wp-content\/uploads\/2024\/11\/logo-diari-segre-1-300x114.png\" alt=\"llana ovella Andorra artesania\" class=\"wp-image-8165\" title=\"llana ovella Andorra artesania\" srcset=\"https:\/\/vital.ad\/wp-content\/uploads\/2024\/11\/logo-diari-segre-1-300x114.png 300w, https:\/\/vital.ad\/wp-content\/uploads\/2024\/11\/logo-diari-segre-1-100x38.png 100w, https:\/\/vital.ad\/wp-content\/uploads\/2024\/11\/logo-diari-segre-1-600x228.png 600w, https:\/\/vital.ad\/wp-content\/uploads\/2024\/11\/logo-diari-segre-1.png 750w\" sizes=\"auto, (max-width: 300px) 100vw, 300px\" \/><\/a><\/figure>\n<\/figure>\n\n\n\n<div class=\"wp-block-group is-content-justification-center is-nowrap is-layout-flex wp-container-core-group-is-layout-94bc23d7 wp-block-group-is-layout-flex\">  \n  \n  <div class=\"\n    mailpoet_form_popup_overlay\n      \"><\/div>\n  <div\n    id=\"mailpoet_form_2\"\n    class=\"\n      mailpoet_form\n      mailpoet_form_html\n      mailpoet_form_position_\n      mailpoet_form_animation_\n    \"\n      >\n\n    <style type=\"text\/css\">\n     #mailpoet_form_2 .mailpoet_form {  }\n#mailpoet_form_2 .mailpoet_column_with_background { padding: 10px; }\n#mailpoet_form_2 .mailpoet_form_column:not(:first-child) { margin-left: 20px; }\n#mailpoet_form_2 .mailpoet_paragraph { line-height: 20px; margin-bottom: 20px; }\n#mailpoet_form_2 .mailpoet_segment_label, #mailpoet_form_2 .mailpoet_text_label, #mailpoet_form_2 .mailpoet_textarea_label, #mailpoet_form_2 .mailpoet_select_label, #mailpoet_form_2 .mailpoet_radio_label, #mailpoet_form_2 .mailpoet_checkbox_label, #mailpoet_form_2 .mailpoet_list_label, #mailpoet_form_2 .mailpoet_date_label { display: block; font-weight: normal; }\n#mailpoet_form_2 .mailpoet_text, #mailpoet_form_2 .mailpoet_textarea, #mailpoet_form_2 .mailpoet_select, #mailpoet_form_2 .mailpoet_date_month, #mailpoet_form_2 .mailpoet_date_day, #mailpoet_form_2 .mailpoet_date_year, #mailpoet_form_2 .mailpoet_date { display: block; }\n#mailpoet_form_2 .mailpoet_text, #mailpoet_form_2 .mailpoet_textarea { width: 200px; }\n#mailpoet_form_2 .mailpoet_checkbox {  }\n#mailpoet_form_2 .mailpoet_submit {  }\n#mailpoet_form_2 .mailpoet_divider {  }\n#mailpoet_form_2 .mailpoet_message {  }\n#mailpoet_form_2 .mailpoet_form_loading { width: 30px; text-align: center; line-height: normal; }\n#mailpoet_form_2 .mailpoet_form_loading > span { width: 5px; height: 5px; background-color: #5b5b5b; }#mailpoet_form_2{border-radius: 0px;text-align: left;}#mailpoet_form_2 form.mailpoet_form {padding: 20px;}#mailpoet_form_2{width: 100%;}#mailpoet_form_2 .mailpoet_message {margin: 0; padding: 0 20px;}#mailpoet_form_2 .mailpoet_paragraph.last {margin-bottom: 0} @media (max-width: 500px) {#mailpoet_form_2 {background-image: none;}} @media (min-width: 500px) {#mailpoet_form_2 .last .mailpoet_paragraph:last-child {margin-bottom: 0}}  @media (max-width: 500px) {#mailpoet_form_2 .mailpoet_form_column:last-child .mailpoet_paragraph:last-child {margin-bottom: 0}} \n    <\/style>\n\n    <form\n      target=\"_self\"\n      method=\"post\"\n      action=\"https:\/\/vital.ad\/wp-admin\/admin-post.php?action=mailpoet_subscription_form\"\n      class=\"mailpoet_form mailpoet_form_form mailpoet_form_html\"\n      novalidate\n      data-delay=\"\"\n      data-exit-intent-enabled=\"\"\n      data-font-family=\"\"\n      data-cookie-expiration-time=\"\"\n    >\n      <input type=\"hidden\" name=\"data[form_id]\" value=\"2\" \/>\n      <input type=\"hidden\" name=\"token\" value=\"1ac9cc6b61\" \/>\n      <input type=\"hidden\" name=\"api_version\" value=\"v1\" \/>\n      <input type=\"hidden\" name=\"endpoint\" value=\"subscribers\" \/>\n      <input type=\"hidden\" name=\"mailpoet_method\" value=\"subscribe\" \/>\n\n      <label class=\"mailpoet_hp_email_label\" style=\"display: none !important;\">Deixa aquest camp buit<input type=\"email\" name=\"data[email]\"\/><\/label><div class=\"mailpoet_paragraph \"><input type=\"email\" autocomplete=\"email\" class=\"mailpoet_text\" id=\"form_email_2\" name=\"data[form_field_YzMzZWJmMmZkNzZmX2VtYWls]\" title=\"Adre\u00e7a de correu electr\u00f2nic\" value=\"\" style=\"width:100%;box-sizing:border-box;padding:5px;margin: 0 auto 0 0;\" data-automation-id=\"form_email\"  placeholder=\"Adre\u00e7a de correu electr\u00f2nic *\" aria-label=\"Adre\u00e7a de correu electr\u00f2nic *\" data-parsley-errors-container=\".mailpoet_error_geibx\" data-parsley-required=\"true\" required aria-required=\"true\" data-parsley-minlength=\"6\" data-parsley-maxlength=\"150\" data-parsley-type-message=\"Aquest valor ha de ser un correu electr\u00f2nic v\u00e0lid.\" data-parsley-required-message=\"Aquest camp \u00e9s obligatori.\"\/><span class=\"mailpoet_error_geibx\"><\/span><\/div>\n<div class=\"mailpoet_paragraph \"><input type=\"submit\" class=\"mailpoet_submit\" value=\"Subscriu-te!\" data-automation-id=\"subscribe-submit-button\" style=\"width:100%;box-sizing:border-box;padding:5px;margin: 0 auto 0 0;border-color:transparent;\" \/><span class=\"mailpoet_form_loading\"><span class=\"mailpoet_bounce1\"><\/span><span class=\"mailpoet_bounce2\"><\/span><span class=\"mailpoet_bounce3\"><\/span><\/span><\/div>\n\n      <div class=\"mailpoet_message\">\n        <p class=\"mailpoet_validate_success\"\n                style=\"display:none;\"\n                >Comprova la safata d&#039;entrada o la carpeta de correu no desitjat de la teva b\u00fastia per confirmar la teva subscripci\u00f3.\n        <\/p>\n        <p class=\"mailpoet_validate_error\"\n                style=\"display:none;\"\n                >        <\/p>\n      <\/div>\n    <\/form>\n\n      <\/div>\n\n  <\/div>\n","protected":false},"excerpt":{"rendered":"<p>Teixida realment a Andorra, Pirineu VITAL PIRINEUS expressa la cultura ancestral dels Pirineus i honora els oficis. Elabora productes austers, bells i responsables amb el territori i la hist\u00f2ria del lloc com mantes, cortines, coixins, bosses de cuir, catifes, solucions d&#8217;absorci\u00f3 ac\u00fastica i projectes de disseny d&#8217;interiors. Valoritza la llana provinent de ramats d\u2019ovelles andorranes. Vital s\u2019inspira en la cultura &#8230;<\/p>\n","protected":false},"author":1,"featured_media":0,"parent":0,"menu_order":0,"comment_status":"closed","ping_status":"closed","template":"","meta":{"footnotes":""},"class_list":["post-41","page","type-page","status-publish","hentry","no-post-thumbnail"],"_links":{"self":[{"href":"https:\/\/vital.ad\/wp-json\/wp\/v2\/pages\/41","targetHints":{"allow":["GET"]}}],"collection":[{"href":"https:\/\/vital.ad\/wp-json\/wp\/v2\/pages"}],"about":[{"href":"https:\/\/vital.ad\/wp-json\/wp\/v2\/types\/page"}],"author":[{"embeddable":true,"href":"https:\/\/vital.ad\/wp-json\/wp\/v2\/users\/1"}],"replies":[{"embeddable":true,"href":"https:\/\/vital.ad\/wp-json\/wp\/v2\/comments?post=41"}],"version-history":[{"count":9,"href":"https:\/\/vital.ad\/wp-json\/wp\/v2\/pages\/41\/revisions"}],"predecessor-version":[{"id":8428,"href":"https:\/\/vital.ad\/wp-json\/wp\/v2\/pages\/41\/revisions\/8428"}],"wp:attachment":[{"href":"https:\/\/vital.ad\/wp-json\/wp\/v2\/media?parent=41"}],"curies":[{"name":"wp","href":"https:\/\/api.w.org\/{rel}","templated":true}]}}