{"id":7486,"date":"2021-07-27T12:27:41","date_gmt":"2021-07-27T12:27:41","guid":{"rendered":"https:\/\/vital.ad\/?post_type=product&#038;p=7486"},"modified":"2026-04-02T13:53:12","modified_gmt":"2026-04-02T13:53:12","slug":"bossa-de-cuir-de-llana-elaborada-artesanalment-petita-2","status":"publish","type":"product","link":"https:\/\/vital.ad\/bossa-de-cuir-de-llana-elaborada-artesanalment-petita-2","title":{"rendered":"Sarr\u00f3 petit"},"content":{"rendered":"<p>Des del Mediterrani fins al Cant\u00e0bric s\u2019est\u00e9n la llargu\u00edssima espinada del Pirineu. Aquest conjunt geogr\u00e0fic tingu\u00e9 des de fa segles la seva pr\u00f2pia identitat cultural, agr\u00edcola i espiritual. Andorra, malgrat el seu petit territori, forma part d\u2019aquesta extensa geografia i del seu ric patrimoni.<\/p>\n<p>Amb la voluntat de no perdre la identitat d\u2019aquest petit pa\u00eds neix el projecte VITAL. La seva primera actuaci\u00f3 consisteix a salvar de la seva destrucci\u00f3 els vellons de les ovelles quan aquestes s\u00f3n xollades cada primavera.<\/p>\n<p>Amb aquesta fibra natural la poblaci\u00f3 de la muntanya s\u2019ha vestit, des de sempre, per protegir-se del fred i n\u2019ha fet mat\u00e8ria indispensable per un bon ja\u00e7.<\/p>\n<p>Ara VITAL recupera el <span class=\"notranslate\">sarr\u00f3<\/span> de pastor. Una pe\u00e7a de pell de corder de ramats andorrans que els pastors feien servir per dur la menja quan sortien a la muntanya amb el ramat. Esperem que aquesta nova recreaci\u00f3 -una pe\u00e7a utilit\u00e0ria senzilla i humil- guardi la mem\u00f2ria d\u2019un viure que cada cop sentim m\u00e9s a prop nostre.<\/p>\n","protected":false},"excerpt":{"rendered":"<p>Una pe\u00e7a elaborada artesanalment a m\u00e0 amb pell d&#8217;ovelles de ramats andorrans, que els pastors feien servir per dur la menja quan sortien a la muntanya amb el ramat.<\/p>\n","protected":false},"featured_media":7720,"template":"","meta":[],"product_brand":[],"product_cat":[72],"product_tag":[],"class_list":{"0":"post-7486","1":"product","2":"type-product","3":"status-publish","4":"has-post-thumbnail","6":"product_cat-moda","7":"product_shipping_class-quantitity","10":"first","11":"instock","12":"shipping-taxable","13":"purchasable","14":"product-type-simple"},"_links":{"self":[{"href":"https:\/\/vital.ad\/wp-json\/wp\/v2\/product\/7486","targetHints":{"allow":["GET"]}}],"collection":[{"href":"https:\/\/vital.ad\/wp-json\/wp\/v2\/product"}],"about":[{"href":"https:\/\/vital.ad\/wp-json\/wp\/v2\/types\/product"}],"wp:featuredmedia":[{"embeddable":true,"href":"https:\/\/vital.ad\/wp-json\/wp\/v2\/media\/7720"}],"wp:attachment":[{"href":"https:\/\/vital.ad\/wp-json\/wp\/v2\/media?parent=7486"}],"wp:term":[{"taxonomy":"product_brand","embeddable":true,"href":"https:\/\/vital.ad\/wp-json\/wp\/v2\/product_brand?post=7486"},{"taxonomy":"product_cat","embeddable":true,"href":"https:\/\/vital.ad\/wp-json\/wp\/v2\/product_cat?post=7486"},{"taxonomy":"product_tag","embeddable":true,"href":"https:\/\/vital.ad\/wp-json\/wp\/v2\/product_tag?post=7486"}],"curies":[{"name":"wp","href":"https:\/\/api.w.org\/{rel}","templated":true}]}}