{"id":7361,"date":"2020-07-24T18:23:48","date_gmt":"2020-07-24T18:23:48","guid":{"rendered":"https:\/\/vital.ad\/?post_type=product&#038;p=7361"},"modified":"2026-04-08T10:37:01","modified_gmt":"2026-04-08T10:37:01","slug":"manta-de-pastor-llana-100-impermeable-i-calida","status":"publish","type":"product","link":"https:\/\/vital.ad\/manta-de-pastor-llana-100-impermeable-i-calida","title":{"rendered":"Manta de pastor (Tapaboques)"},"content":{"rendered":"<p>Teixida realment a Andorra, Pirineu.<\/p>\n<p>Des del Mediterrani fins al Cant\u00e0bric s\u2019est\u00e9n la llargu\u00edssima espinada del Pirineu. Aquest conjunt geogr\u00e0fic tingu\u00e9 des de fa segles la seva pr\u00f2pia identitat cultural, agr\u00edcola i espiritual. Andorra, malgrat el seu petit territori, forma part d\u2019aquesta extensa geografia i del seu ric patrimoni.<\/p>\n<p>Amb la voluntat de no perdre la identitat d\u2019aquest petit pa\u00eds neix el projecte VITAL. La seva primera actuaci\u00f3 consisteix a salvar de la seva destrucci\u00f3 els vellons de les ovelles quan aquestes s\u00f3n xollades cada primavera.<\/p>\n<p>Amb aquesta fibra natural la poblaci\u00f3 de la muntanya s\u2019ha vestit, des de sempre, per protegir-se del fred i n\u2019ha fet mat\u00e8ria indispensable per un bon ja\u00e7.<\/p>\n<p>Ara VITAL crea, amb la mateixa fibra natural, el <span class=\"notranslate\">tapaboques<\/span> dels pastors, reproduint el disseny i la textura que els pastors del Pirineu ancestralment portaven per resguardar-se del fred i la pluja. La manta l&#8217;han fet servir els pastors durant segles, en la seva forma, pes i textura, hi ha una tradici\u00f3 ancestral. Esperem que aquest nou recurs que la llana de les nostres ovelles ens permet oferir faci una bonica aportaci\u00f3 a aquest llegat que rebem amb goig i, amb el mateix goig, voldr\u00edem transmetre aquesta s\u00f2bria manta inspirada en la rica cultura ramadera del nostre territori, com tamb\u00e9 de tot el Pirineu.<\/p>\n","protected":false},"excerpt":{"rendered":"<p>Hem creat una pe\u00e7a \u00fanica, reproduint el disseny i la textura original del <span class=\"notranslate\">tapaboques<\/span> dels pastors del Pirineu. La manta l&#8217;han fet servir els pastors durant segles, en la seva forma, pes i textura, hi ha una tradici\u00f3 ancestral.<\/p>\n<p>La manta, est\u00e0 feta 100% amb llana d\u2019ovella, sense cap tint.\u00a0 La llana prov\u00e9 d&#8217;ovelles de ramats andorrans, l&#8217;elaboraci\u00f3 del teixit s&#8217;ha dut a terme al nostre taller de Sant Juli\u00e0 de L\u00f2ria, Andorra.<\/p>\n","protected":false},"featured_media":7702,"template":"","meta":[],"product_brand":[],"product_cat":[72],"product_tag":[],"class_list":{"0":"post-7361","1":"product","2":"type-product","3":"status-publish","4":"has-post-thumbnail","6":"product_cat-moda","7":"product_shipping_class-quantitity","10":"first","11":"instock","12":"shipping-taxable","13":"purchasable","14":"product-type-simple"},"_links":{"self":[{"href":"https:\/\/vital.ad\/wp-json\/wp\/v2\/product\/7361","targetHints":{"allow":["GET"]}}],"collection":[{"href":"https:\/\/vital.ad\/wp-json\/wp\/v2\/product"}],"about":[{"href":"https:\/\/vital.ad\/wp-json\/wp\/v2\/types\/product"}],"wp:featuredmedia":[{"embeddable":true,"href":"https:\/\/vital.ad\/wp-json\/wp\/v2\/media\/7702"}],"wp:attachment":[{"href":"https:\/\/vital.ad\/wp-json\/wp\/v2\/media?parent=7361"}],"wp:term":[{"taxonomy":"product_brand","embeddable":true,"href":"https:\/\/vital.ad\/wp-json\/wp\/v2\/product_brand?post=7361"},{"taxonomy":"product_cat","embeddable":true,"href":"https:\/\/vital.ad\/wp-json\/wp\/v2\/product_cat?post=7361"},{"taxonomy":"product_tag","embeddable":true,"href":"https:\/\/vital.ad\/wp-json\/wp\/v2\/product_tag?post=7361"}],"curies":[{"name":"wp","href":"https:\/\/api.w.org\/{rel}","templated":true}]}}